{"id":9,"date":"2025-05-09T13:04:17","date_gmt":"2025-05-09T11:04:17","guid":{"rendered":"https:\/\/tytcap-inclusion.fr\/?page_id=9"},"modified":"2025-05-12T20:49:40","modified_gmt":"2025-05-12T18:49:40","slug":"accompagnement","status":"publish","type":"page","link":"https:\/\/tytcap-inclusion.fr\/index.php\/accompagnement\/","title":{"rendered":"Accompagnement"},"content":{"rendered":"\n<p class=\"has-vivid-cyan-blue-color has-text-color has-link-color has-medium-font-size wp-elements-00c4db83a85d5d7f324d28704c64705f\"><strong>Accompagnement dans le champ du handicap<\/strong><\/p>\n\n\n\n<blockquote class=\"wp-block-quote is-layout-flow wp-block-quote-is-layout-flow\">\n<p><em>Je propose un accompagnement sp\u00e9cialis\u00e9 pour les personnes pr\u00e9sentant un trouble du spectre de l\u2019autisme ou d\u2019autres troubles neurod\u00e9veloppementaux.<\/em><\/p>\n<\/blockquote>\n\n\n\n<ul style=\"line-height:2.5\" class=\"wp-block-list\">\n<li>S\u00e9ances \u00e9ducatives individualis\u00e9es (m\u00e9thode ABA, Makaton, PECS)<\/li>\n\n\n\n<li>Travail sur les habilet\u00e9s sociales<\/li>\n\n\n\n<li>Guidance parentale<\/li>\n\n\n\n<li>Accompagnement dans les structures (IME, SESSAD, \u00e9cole) : soutien aux \u00e9quipes \u00e9ducatives, AESH, &#8230;<\/li>\n\n\n\n<li>Mise en place de routines visuelles (m\u00e9thode TEACCH)<\/li>\n\n\n\n<li>Ateliers drama (th\u00e9\u00e2tre) : communication, confiance en soi<\/li>\n\n\n\n<li>Accompagnement activit\u00e9s sportives ou d\u2019apprentissage en ext\u00e9rieur<\/li>\n<\/ul>\n\n\n\n<p class=\"has-vivid-cyan-blue-color has-text-color has-link-color has-medium-font-size wp-elements-f5a5600615724a86d48ebc558703760e\"><strong>Accompagnement en protection de l\u2019enfance<\/strong><\/p>\n\n\n\n<blockquote class=\"wp-block-quote is-layout-flow wp-block-quote-is-layout-flow\">\n<p><em>Fort de mon exp\u00e9rience en MECS et service AMO, j\u2019interviens \u00e9galement dans le cadre de la protection de l\u2019enfance, en soutien aux jeunes en situation de vuln\u00e9rabilit\u00e9.<\/em><\/p>\n<\/blockquote>\n\n\n\n<ul style=\"line-height:2.5\" class=\"wp-block-list\">\n<li>Accompagnement \u00e9ducatif et social des jeunes<\/li>\n\n\n\n<li>Soutien \u00e0 la parentalit\u00e9 et m\u00e9diation familiale<\/li>\n\n\n\n<li>Travail sur la restauration de l\u2019estime de soi, la r\u00e9gulation \u00e9motionnelle, la socialisation<\/li>\n\n\n\n<li>Soutien aux \u00e9quipes des institutions<\/li>\n\n\n\n<li>Ateliers drama (th\u00e9\u00e2tre) : communication, confiance en soi<\/li>\n\n\n\n<li>Transport s\u00e9jour de rupture<\/li>\n<\/ul>\n","protected":false},"excerpt":{"rendered":"<p>Accompagnement dans le champ du handicap Je propose un accompagnement sp\u00e9cialis\u00e9 pour les personnes pr\u00e9sentant un trouble du spectre de l\u2019autisme ou d\u2019autres troubles neurod\u00e9veloppementaux. Accompagnement en protection de l\u2019enfance Fort de mon exp\u00e9rience en MECS et service AMO, j\u2019interviens \u00e9galement dans le cadre de la protection de l\u2019enfance, en soutien aux jeunes en situation &hellip; <\/p>\n<p class=\"link-more\"><a href=\"https:\/\/tytcap-inclusion.fr\/index.php\/accompagnement\/\" class=\"more-link\">Continuer la lecture<span class=\"screen-reader-text\"> de &laquo;&nbsp;Accompagnement&nbsp;&raquo;<\/span><\/a><\/p>\n","protected":false},"author":1,"featured_media":0,"parent":0,"menu_order":0,"comment_status":"closed","ping_status":"closed","template":"","meta":{"_monsterinsights_skip_tracking":false,"_monsterinsights_sitenote_active":false,"_monsterinsights_sitenote_note":"","_monsterinsights_sitenote_category":0,"footnotes":""},"class_list":["post-9","page","type-page","status-publish","hentry"],"_links":{"self":[{"href":"https:\/\/tytcap-inclusion.fr\/index.php\/wp-json\/wp\/v2\/pages\/9","targetHints":{"allow":["GET"]}}],"collection":[{"href":"https:\/\/tytcap-inclusion.fr\/index.php\/wp-json\/wp\/v2\/pages"}],"about":[{"href":"https:\/\/tytcap-inclusion.fr\/index.php\/wp-json\/wp\/v2\/types\/page"}],"author":[{"embeddable":true,"href":"https:\/\/tytcap-inclusion.fr\/index.php\/wp-json\/wp\/v2\/users\/1"}],"replies":[{"embeddable":true,"href":"https:\/\/tytcap-inclusion.fr\/index.php\/wp-json\/wp\/v2\/comments?post=9"}],"version-history":[{"count":4,"href":"https:\/\/tytcap-inclusion.fr\/index.php\/wp-json\/wp\/v2\/pages\/9\/revisions"}],"predecessor-version":[{"id":74,"href":"https:\/\/tytcap-inclusion.fr\/index.php\/wp-json\/wp\/v2\/pages\/9\/revisions\/74"}],"wp:attachment":[{"href":"https:\/\/tytcap-inclusion.fr\/index.php\/wp-json\/wp\/v2\/media?parent=9"}],"curies":[{"name":"wp","href":"https:\/\/api.w.org\/{rel}","templated":true}]}}