{"id":5,"date":"2025-05-09T13:03:23","date_gmt":"2025-05-09T11:03:23","guid":{"rendered":"https:\/\/tytcap-inclusion.fr\/?page_id=5"},"modified":"2025-05-12T20:50:48","modified_gmt":"2025-05-12T18:50:48","slug":"qui-suis-je","status":"publish","type":"page","link":"https:\/\/tytcap-inclusion.fr\/index.php\/qui-suis-je\/","title":{"rendered":"Qui suis-je ?"},"content":{"rendered":"\n<div class=\"wp-block-media-text is-stacked-on-mobile\"><figure class=\"wp-block-media-text__media\"><img loading=\"lazy\" decoding=\"async\" width=\"629\" height=\"814\" src=\"https:\/\/tytcap-inclusion.fr\/wp-content\/uploads\/2025\/05\/laurent_tytgat.jpg\" alt=\"\" class=\"wp-image-35 size-full\" srcset=\"https:\/\/tytcap-inclusion.fr\/wp-content\/uploads\/2025\/05\/laurent_tytgat.jpg 629w, https:\/\/tytcap-inclusion.fr\/wp-content\/uploads\/2025\/05\/laurent_tytgat-232x300.jpg 232w\" sizes=\"auto, (max-width: 629px) 100vw, 629px\" \/><\/figure><div class=\"wp-block-media-text__content\">\n<p class=\"has-vivid-cyan-blue-color has-text-color has-link-color has-medium-font-size wp-elements-6c7580406768da0ac69f361ae4149e45\"><strong>Laurent Tytgat<\/strong><\/p>\n\n\n\n<p>Dipl\u00f4m\u00e9 en psychologie clinique (Graduat BAC+3 \u2013 Belgique, 2002) et titulaire d\u2019un Dipl\u00f4me Universitaire en Protection de l\u2019Enfance (Paris, 2015), j\u2019ai d\u00e9but\u00e9 ma carri\u00e8re en Belgique en 2002 avant de m\u2019installer en France et d\u2019y exercer en tant qu\u2019\u00e9ducateur sp\u00e9cialis\u00e9. Depuis plus de 20 ans, je m\u2019engage aupr\u00e8s des enfants, adolescents et familles en mettant au c\u0153ur de mon travail l\u2019\u00e9coute, l\u2019accompagnement individualis\u00e9 et l\u2019inclusion.<\/p>\n<\/div><\/div>\n\n\n\n<p class=\"has-vivid-cyan-blue-color has-text-color has-link-color has-medium-font-size wp-elements-f222e04c5b6f3b8449e09ea57ee67378\"><strong>Mes valeurs<\/strong><\/p>\n\n\n\n<p><strong>L\u2019\u00e9coute emphatique<br><\/strong>Chaque personne est unique et m\u00e9rite d\u2019\u00eatre entendue sans jugement<\/p>\n\n\n\n<p><strong>La bienveillance<br><\/strong>Poser un cadre s\u00e9curisant et soutenant dans toutes mes interventions<\/p>\n\n\n\n<p><strong>La p\u00e9dagogie inclusive<br><\/strong>Adapter les outils \u00e0 chacun pour favoriser l\u2019apprentissage et la participation<\/p>\n\n\n\n<p><strong>L\u2019\u00e9ducation inclusive<br><\/strong>Promouvoir l\u2019insertion sociale et scolaire de tous les jeunes sans distinctions<\/p>\n\n\n\n<p><strong>La collaboration<br><\/strong>Travailler en lien avec les familles, les professionnels et les \u00e9quipes \u00e9ducatives<\/p>\n\n\n\n<p><\/p>\n\n\n\n<p class=\"has-vivid-cyan-blue-color has-text-color has-link-color has-medium-font-size wp-elements-00220f56944d911c73c7b9223399af45\"><strong>Dipl\u00f4mes et formations<\/strong><\/p>\n\n\n\n<ul class=\"wp-block-list\">\n<li style=\"line-height:1.9\"><strong>Graduat (BAC +3) en Psychologie Clinique<br><\/strong>Institut Libre Marie Haps &#8211; Bruxelles (2002)<\/li>\n\n\n\n<li style=\"line-height:1.9\"><strong>Techniques de drama (th\u00e9\u00e2tre)<br><\/strong>Bruxelles (2008)<\/li>\n\n\n\n<li style=\"line-height:1.9\"><strong>DU Protection de l\u2019Enfance<br><\/strong>Universit\u00e9 Paris Diderot (Paris VII 2015)<\/li>\n\n\n\n<li style=\"line-height:1.9\"><strong>Initiation \u00e0 la m\u00e9thode ABA<br><\/strong>Formavision (Paris, 2018)<\/li>\n\n\n\n<li style=\"line-height:1.9\"><strong>Approche TEACCH<br><\/strong>Formavision (Paris, 2018)<\/li>\n\n\n\n<li style=\"line-height:1.9\"><strong>Makaton<br><\/strong>Vanessa Baptiste (Marseille, 2020)<\/li>\n\n\n\n<li style=\"line-height:1.9\"><strong>Coach sp\u00e9cialis\u00e9 en TSA<br><\/strong>Ma Formation Priv\u00e9e (certifi\u00e9 IPHM \u2013 en cours)<\/li>\n\n\n\n<li style=\"line-height:1.9\"><strong>VAE \u00c9ducateur Sp\u00e9cialis\u00e9<br><\/strong>(dipl\u00f4me d\u2019\u00c9tat fran\u00e7ais \u2013 en cours)<\/li>\n<\/ul>\n\n\n\n<p><\/p>\n","protected":false},"excerpt":{"rendered":"<p>Laurent Tytgat Dipl\u00f4m\u00e9 en psychologie clinique (Graduat BAC+3 \u2013 Belgique, 2002) et titulaire d\u2019un Dipl\u00f4me Universitaire en Protection de l\u2019Enfance (Paris, 2015), j\u2019ai d\u00e9but\u00e9 ma carri\u00e8re en Belgique en 2002 avant de m\u2019installer en France et d\u2019y exercer en tant qu\u2019\u00e9ducateur sp\u00e9cialis\u00e9. Depuis plus de 20 ans, je m\u2019engage aupr\u00e8s des enfants, adolescents et familles &hellip; <\/p>\n<p class=\"link-more\"><a href=\"https:\/\/tytcap-inclusion.fr\/index.php\/qui-suis-je\/\" class=\"more-link\">Continuer la lecture<span class=\"screen-reader-text\"> de &laquo;&nbsp;Qui suis-je ?&nbsp;&raquo;<\/span><\/a><\/p>\n","protected":false},"author":1,"featured_media":0,"parent":0,"menu_order":0,"comment_status":"closed","ping_status":"closed","template":"","meta":{"_monsterinsights_skip_tracking":false,"_monsterinsights_sitenote_active":false,"_monsterinsights_sitenote_note":"","_monsterinsights_sitenote_category":0,"footnotes":""},"class_list":["post-5","page","type-page","status-publish","hentry"],"_links":{"self":[{"href":"https:\/\/tytcap-inclusion.fr\/index.php\/wp-json\/wp\/v2\/pages\/5","targetHints":{"allow":["GET"]}}],"collection":[{"href":"https:\/\/tytcap-inclusion.fr\/index.php\/wp-json\/wp\/v2\/pages"}],"about":[{"href":"https:\/\/tytcap-inclusion.fr\/index.php\/wp-json\/wp\/v2\/types\/page"}],"author":[{"embeddable":true,"href":"https:\/\/tytcap-inclusion.fr\/index.php\/wp-json\/wp\/v2\/users\/1"}],"replies":[{"embeddable":true,"href":"https:\/\/tytcap-inclusion.fr\/index.php\/wp-json\/wp\/v2\/comments?post=5"}],"version-history":[{"count":9,"href":"https:\/\/tytcap-inclusion.fr\/index.php\/wp-json\/wp\/v2\/pages\/5\/revisions"}],"predecessor-version":[{"id":75,"href":"https:\/\/tytcap-inclusion.fr\/index.php\/wp-json\/wp\/v2\/pages\/5\/revisions\/75"}],"wp:attachment":[{"href":"https:\/\/tytcap-inclusion.fr\/index.php\/wp-json\/wp\/v2\/media?parent=5"}],"curies":[{"name":"wp","href":"https:\/\/api.w.org\/{rel}","templated":true}]}}