{"id":137,"date":"2025-06-01T17:31:06","date_gmt":"2025-06-01T15:31:06","guid":{"rendered":"https:\/\/tytcap-inclusion.fr\/?page_id=137"},"modified":"2025-06-01T18:00:00","modified_gmt":"2025-06-01T16:00:00","slug":"galerie","status":"publish","type":"page","link":"https:\/\/tytcap-inclusion.fr\/index.php\/galerie\/","title":{"rendered":"Galerie"},"content":{"rendered":"\n<h1 class=\"wp-block-heading has-small-font-size\">Apr\u00e8s 8 ann\u00e9es d\u2019accompagnement \u00e9ducatif aupr\u00e8s de Mehdi.<br>En 8 ans, Mehdi a beaucoup grandi et \u00e9volu\u00e9, tant sur le plan de l\u2019autonomie que des habilet\u00e9s sociales.<br>Fier d\u2019avoir contribu\u00e9, \u00e0 mon niveau, \u00e0 ce parcours.<br>Une prise en charge qui s\u2019est achev\u00e9e suite \u00e0 un changement de r\u00e9gion avec un d\u00e9part de Marseille vers Montpellier, mais dont je garde une trace. Merci \u00e0 toi Mehdi et merci \u00e0\u00a0<a href=\"https:\/\/www.instagram.com\/farahfacett\/\">@farahfacett<\/a>\u00a0de m\u2019avoir fait confiance durant toutes ces ann\u00e9es.<br>(Publication r\u00e9alis\u00e9e avec l\u2019accord des responsables l\u00e9gaux)<\/h1>\n\n\n\n<figure class=\"wp-block-gallery has-nested-images columns-default is-cropped wp-block-gallery-1 is-layout-flex wp-block-gallery-is-layout-flex\">\n<figure class=\"wp-block-image size-large\"><img loading=\"lazy\" decoding=\"async\" width=\"768\" height=\"1024\" data-id=\"141\" src=\"https:\/\/tytcap-inclusion.fr\/wp-content\/uploads\/2025\/06\/photo-2-4-768x1024.jpeg\" alt=\"\" class=\"wp-image-141\" srcset=\"https:\/\/tytcap-inclusion.fr\/wp-content\/uploads\/2025\/06\/photo-2-4-768x1024.jpeg 768w, https:\/\/tytcap-inclusion.fr\/wp-content\/uploads\/2025\/06\/photo-2-4-225x300.jpeg 225w, https:\/\/tytcap-inclusion.fr\/wp-content\/uploads\/2025\/06\/photo-2-4-1152x1536.jpeg 1152w, https:\/\/tytcap-inclusion.fr\/wp-content\/uploads\/2025\/06\/photo-2-4.jpeg 1536w\" sizes=\"auto, (max-width: 706px) 89vw, (max-width: 767px) 82vw, 740px\" \/><\/figure>\n\n\n\n<figure class=\"wp-block-image size-large\"><img loading=\"lazy\" decoding=\"async\" width=\"768\" height=\"1024\" data-id=\"145\" src=\"https:\/\/tytcap-inclusion.fr\/wp-content\/uploads\/2025\/06\/photo-3-3-768x1024.jpeg\" alt=\"\" class=\"wp-image-145\" srcset=\"https:\/\/tytcap-inclusion.fr\/wp-content\/uploads\/2025\/06\/photo-3-3-768x1024.jpeg 768w, https:\/\/tytcap-inclusion.fr\/wp-content\/uploads\/2025\/06\/photo-3-3-225x300.jpeg 225w, https:\/\/tytcap-inclusion.fr\/wp-content\/uploads\/2025\/06\/photo-3-3-1152x1536.jpeg 1152w, https:\/\/tytcap-inclusion.fr\/wp-content\/uploads\/2025\/06\/photo-3-3.jpeg 1536w\" sizes=\"auto, (max-width: 706px) 89vw, (max-width: 767px) 82vw, 740px\" \/><\/figure>\n\n\n\n<figure class=\"wp-block-image size-large\"><img loading=\"lazy\" decoding=\"async\" width=\"750\" height=\"859\" data-id=\"138\" src=\"https:\/\/tytcap-inclusion.fr\/wp-content\/uploads\/2025\/06\/photo-1-3.jpeg\" alt=\"\" class=\"wp-image-138\" srcset=\"https:\/\/tytcap-inclusion.fr\/wp-content\/uploads\/2025\/06\/photo-1-3.jpeg 750w, https:\/\/tytcap-inclusion.fr\/wp-content\/uploads\/2025\/06\/photo-1-3-262x300.jpeg 262w\" sizes=\"auto, (max-width: 706px) 89vw, (max-width: 767px) 82vw, 740px\" \/><\/figure>\n\n\n\n<figure class=\"wp-block-image size-large\"><img loading=\"lazy\" decoding=\"async\" width=\"610\" height=\"1024\" data-id=\"140\" src=\"https:\/\/tytcap-inclusion.fr\/wp-content\/uploads\/2025\/06\/photo-4-3-610x1024.jpeg\" alt=\"\" class=\"wp-image-140\" srcset=\"https:\/\/tytcap-inclusion.fr\/wp-content\/uploads\/2025\/06\/photo-4-3-610x1024.jpeg 610w, https:\/\/tytcap-inclusion.fr\/wp-content\/uploads\/2025\/06\/photo-4-3-179x300.jpeg 179w, https:\/\/tytcap-inclusion.fr\/wp-content\/uploads\/2025\/06\/photo-4-3.jpeg 750w\" sizes=\"auto, (max-width: 610px) 100vw, 610px\" \/><\/figure>\n\n\n\n<figure class=\"wp-block-image size-large\"><img loading=\"lazy\" decoding=\"async\" width=\"768\" height=\"1024\" data-id=\"146\" src=\"https:\/\/tytcap-inclusion.fr\/wp-content\/uploads\/2025\/06\/photo-5-3-768x1024.jpeg\" alt=\"\" class=\"wp-image-146\" srcset=\"https:\/\/tytcap-inclusion.fr\/wp-content\/uploads\/2025\/06\/photo-5-3-768x1024.jpeg 768w, https:\/\/tytcap-inclusion.fr\/wp-content\/uploads\/2025\/06\/photo-5-3-225x300.jpeg 225w, https:\/\/tytcap-inclusion.fr\/wp-content\/uploads\/2025\/06\/photo-5-3-1152x1536.jpeg 1152w, https:\/\/tytcap-inclusion.fr\/wp-content\/uploads\/2025\/06\/photo-5-3.jpeg 1536w\" sizes=\"auto, (max-width: 706px) 89vw, (max-width: 767px) 82vw, 740px\" \/><\/figure>\n\n\n\n<figure class=\"wp-block-image size-large\"><img loading=\"lazy\" decoding=\"async\" width=\"768\" height=\"1024\" data-id=\"144\" src=\"https:\/\/tytcap-inclusion.fr\/wp-content\/uploads\/2025\/06\/photo-6-3-768x1024.jpeg\" alt=\"\" class=\"wp-image-144\" srcset=\"https:\/\/tytcap-inclusion.fr\/wp-content\/uploads\/2025\/06\/photo-6-3-768x1024.jpeg 768w, https:\/\/tytcap-inclusion.fr\/wp-content\/uploads\/2025\/06\/photo-6-3-225x300.jpeg 225w, https:\/\/tytcap-inclusion.fr\/wp-content\/uploads\/2025\/06\/photo-6-3-1152x1536.jpeg 1152w, https:\/\/tytcap-inclusion.fr\/wp-content\/uploads\/2025\/06\/photo-6-3.jpeg 1536w\" sizes=\"auto, (max-width: 706px) 89vw, (max-width: 767px) 82vw, 740px\" \/><\/figure>\n\n\n\n<figure class=\"wp-block-image size-large\"><img loading=\"lazy\" decoding=\"async\" width=\"664\" height=\"1006\" data-id=\"139\" src=\"https:\/\/tytcap-inclusion.fr\/wp-content\/uploads\/2025\/06\/photo-7-3.jpeg\" alt=\"\" class=\"wp-image-139\" srcset=\"https:\/\/tytcap-inclusion.fr\/wp-content\/uploads\/2025\/06\/photo-7-3.jpeg 664w, https:\/\/tytcap-inclusion.fr\/wp-content\/uploads\/2025\/06\/photo-7-3-198x300.jpeg 198w\" sizes=\"auto, (max-width: 664px) 100vw, 664px\" \/><\/figure>\n\n\n\n<figure class=\"wp-block-image size-large\"><img loading=\"lazy\" decoding=\"async\" width=\"768\" height=\"1024\" data-id=\"143\" src=\"https:\/\/tytcap-inclusion.fr\/wp-content\/uploads\/2025\/06\/photo-8-3-768x1024.jpeg\" alt=\"\" class=\"wp-image-143\" srcset=\"https:\/\/tytcap-inclusion.fr\/wp-content\/uploads\/2025\/06\/photo-8-3-768x1024.jpeg 768w, https:\/\/tytcap-inclusion.fr\/wp-content\/uploads\/2025\/06\/photo-8-3-225x300.jpeg 225w, https:\/\/tytcap-inclusion.fr\/wp-content\/uploads\/2025\/06\/photo-8-3-1152x1536.jpeg 1152w, https:\/\/tytcap-inclusion.fr\/wp-content\/uploads\/2025\/06\/photo-8-3.jpeg 1536w\" sizes=\"auto, (max-width: 706px) 89vw, (max-width: 767px) 82vw, 740px\" \/><\/figure>\n\n\n\n<figure class=\"wp-block-image size-large\"><img loading=\"lazy\" decoding=\"async\" width=\"604\" height=\"1024\" data-id=\"142\" src=\"https:\/\/tytcap-inclusion.fr\/wp-content\/uploads\/2025\/06\/photo-9-3-604x1024.jpeg\" alt=\"\" class=\"wp-image-142\" srcset=\"https:\/\/tytcap-inclusion.fr\/wp-content\/uploads\/2025\/06\/photo-9-3-604x1024.jpeg 604w, https:\/\/tytcap-inclusion.fr\/wp-content\/uploads\/2025\/06\/photo-9-3-177x300.jpeg 177w, https:\/\/tytcap-inclusion.fr\/wp-content\/uploads\/2025\/06\/photo-9-3.jpeg 750w\" sizes=\"auto, (max-width: 604px) 100vw, 604px\" \/><\/figure>\n<\/figure>\n","protected":false},"excerpt":{"rendered":"<p>Apr\u00e8s 8 ann\u00e9es d\u2019accompagnement \u00e9ducatif aupr\u00e8s de Mehdi.En 8 ans, Mehdi a beaucoup grandi et \u00e9volu\u00e9, tant sur le plan de l\u2019autonomie que des habilet\u00e9s sociales.Fier d\u2019avoir contribu\u00e9, \u00e0 mon niveau, \u00e0 ce parcours.Une prise en charge qui s\u2019est achev\u00e9e suite \u00e0 un changement de r\u00e9gion avec un d\u00e9part de Marseille vers Montpellier, mais dont &hellip; <\/p>\n<p class=\"link-more\"><a href=\"https:\/\/tytcap-inclusion.fr\/index.php\/galerie\/\" class=\"more-link\">Continuer la lecture<span class=\"screen-reader-text\"> de &laquo;&nbsp;Galerie&nbsp;&raquo;<\/span><\/a><\/p>\n","protected":false},"author":1,"featured_media":0,"parent":0,"menu_order":0,"comment_status":"closed","ping_status":"closed","template":"","meta":{"_monsterinsights_skip_tracking":false,"_monsterinsights_sitenote_active":false,"_monsterinsights_sitenote_note":"","_monsterinsights_sitenote_category":0,"footnotes":""},"class_list":["post-137","page","type-page","status-publish","hentry"],"_links":{"self":[{"href":"https:\/\/tytcap-inclusion.fr\/index.php\/wp-json\/wp\/v2\/pages\/137","targetHints":{"allow":["GET"]}}],"collection":[{"href":"https:\/\/tytcap-inclusion.fr\/index.php\/wp-json\/wp\/v2\/pages"}],"about":[{"href":"https:\/\/tytcap-inclusion.fr\/index.php\/wp-json\/wp\/v2\/types\/page"}],"author":[{"embeddable":true,"href":"https:\/\/tytcap-inclusion.fr\/index.php\/wp-json\/wp\/v2\/users\/1"}],"replies":[{"embeddable":true,"href":"https:\/\/tytcap-inclusion.fr\/index.php\/wp-json\/wp\/v2\/comments?post=137"}],"version-history":[{"count":2,"href":"https:\/\/tytcap-inclusion.fr\/index.php\/wp-json\/wp\/v2\/pages\/137\/revisions"}],"predecessor-version":[{"id":150,"href":"https:\/\/tytcap-inclusion.fr\/index.php\/wp-json\/wp\/v2\/pages\/137\/revisions\/150"}],"wp:attachment":[{"href":"https:\/\/tytcap-inclusion.fr\/index.php\/wp-json\/wp\/v2\/media?parent=137"}],"curies":[{"name":"wp","href":"https:\/\/api.w.org\/{rel}","templated":true}]}}