{"id":11,"date":"2025-05-09T13:04:42","date_gmt":"2025-05-09T11:04:42","guid":{"rendered":"https:\/\/tytcap-inclusion.fr\/?page_id=11"},"modified":"2025-08-27T10:06:08","modified_gmt":"2025-08-27T08:06:08","slug":"zones-dintervention","status":"publish","type":"page","link":"https:\/\/tytcap-inclusion.fr\/index.php\/zones-dintervention\/","title":{"rendered":"Zones d\u2019intervention \/ Tarif"},"content":{"rendered":"\n<p><\/p>\n\n\n\n<p class=\"has-vivid-cyan-blue-color has-text-color has-link-color has-medium-font-size wp-elements-369d2a304c6d20e8b0d3fdcc175362d5\"><strong>Zones d\u2019intervention : Montpellier et alentours<\/strong><\/p>\n\n\n\n<ul class=\"wp-block-list\">\n<li style=\"line-height:2.5\">\u00c0 domicile<\/li>\n\n\n\n<li style=\"line-height:2.5\">En milieu scolaire (maternelle, primaire, coll\u00e8ge, lyc\u00e9e) et en \u00e9cole d\u2019\u00e9ducateur<\/li>\n\n\n\n<li style=\"line-height:2.5\">En \u00e9tablissements m\u00e9dico-sociaux (IME, SESSAD, foyer de vie et d\u2019h\u00e9bergement)<\/li>\n\n\n\n<li style=\"line-height:2.5\">En \u00e9tablissements de protection de l\u2019enfance (MECS, SAU, AEMO)<\/li>\n<\/ul>\n\n\n\n<p><\/p>\n\n\n\n<p class=\"has-vivid-cyan-blue-color has-text-color has-link-color has-medium-font-size wp-elements-994a25d2d696509a21682e032a611d60\"><strong>Tarif<\/strong><\/p>\n\n\n\n<ul class=\"wp-block-list\">\n<li style=\"line-height:2.5\">45 \u20ac de l\u2019heure (Premier entretien gratuit, sans engagement)<\/li>\n\n\n\n<li style=\"line-height:2.5\">Forfaits possibles<br>&#8211; En cas de plusieurs heures cons\u00e9cutives<br>&#8211; Selon le type d\u2019accompagnement<br>&#8211; Accompagnement avec transport<\/li>\n\n\n\n<li style=\"line-height:2.5\">Transport s\u00e9jour<br>&#8211; Forfait horaire aller-retour<br>+ indemnit\u00e9s kilom\u00e9triques<\/li>\n\n\n\n<li style=\"line-height:2.5\">Devis personnalis\u00e9 possible sur demande<\/li>\n<\/ul>\n\n\n\n<p><em>AIDES<\/em><\/p>\n\n\n\n<p><em><br><strong>Aides financi\u00e8res<\/strong><\/em><\/p>\n\n\n\n<div data-wp-interactive=\"core\/file\" class=\"wp-block-file\"><object data-wp-bind--hidden=\"!state.hasPdfPreview\" hidden class=\"wp-block-file__embed\" data=\"https:\/\/tytcap-inclusion.fr\/wp-content\/uploads\/2025\/08\/Aides_financi_res_PH_1747249272.pdf\" type=\"application\/pdf\" style=\"width:100%;height:600px\" aria-label=\"Contenu embarqu\u00e9 Aides_financi_res_PH_1747249272.\"><\/object><a id=\"wp-block-file--media-554e05f9-aad9-402d-bcd0-297e9a1e1dcb\" href=\"https:\/\/tytcap-inclusion.fr\/wp-content\/uploads\/2025\/08\/Aides_financi_res_PH_1747249272.pdf\">Aides_financi_res_PH_1747249272<\/a><a href=\"https:\/\/tytcap-inclusion.fr\/wp-content\/uploads\/2025\/08\/Aides_financi_res_PH_1747249272.pdf\" class=\"wp-block-file__button wp-element-button\" download aria-describedby=\"wp-block-file--media-554e05f9-aad9-402d-bcd0-297e9a1e1dcb\">T\u00e9l\u00e9charger<\/a><\/div>\n","protected":false},"excerpt":{"rendered":"<p>Zones d\u2019intervention : Montpellier et alentours Tarif AIDES Aides financi\u00e8res<\/p>\n","protected":false},"author":1,"featured_media":0,"parent":0,"menu_order":0,"comment_status":"closed","ping_status":"closed","template":"","meta":{"_monsterinsights_skip_tracking":false,"_monsterinsights_sitenote_active":false,"_monsterinsights_sitenote_note":"","_monsterinsights_sitenote_category":0,"footnotes":""},"class_list":["post-11","page","type-page","status-publish","hentry"],"_links":{"self":[{"href":"https:\/\/tytcap-inclusion.fr\/index.php\/wp-json\/wp\/v2\/pages\/11","targetHints":{"allow":["GET"]}}],"collection":[{"href":"https:\/\/tytcap-inclusion.fr\/index.php\/wp-json\/wp\/v2\/pages"}],"about":[{"href":"https:\/\/tytcap-inclusion.fr\/index.php\/wp-json\/wp\/v2\/types\/page"}],"author":[{"embeddable":true,"href":"https:\/\/tytcap-inclusion.fr\/index.php\/wp-json\/wp\/v2\/users\/1"}],"replies":[{"embeddable":true,"href":"https:\/\/tytcap-inclusion.fr\/index.php\/wp-json\/wp\/v2\/comments?post=11"}],"version-history":[{"count":8,"href":"https:\/\/tytcap-inclusion.fr\/index.php\/wp-json\/wp\/v2\/pages\/11\/revisions"}],"predecessor-version":[{"id":168,"href":"https:\/\/tytcap-inclusion.fr\/index.php\/wp-json\/wp\/v2\/pages\/11\/revisions\/168"}],"wp:attachment":[{"href":"https:\/\/tytcap-inclusion.fr\/index.php\/wp-json\/wp\/v2\/media?parent=11"}],"curies":[{"name":"wp","href":"https:\/\/api.w.org\/{rel}","templated":true}]}}